{"id":758,"date":"2024-05-15T17:17:01","date_gmt":"2024-05-15T15:17:01","guid":{"rendered":"https:\/\/rief-shop.com\/?page_id=758"},"modified":"2024-05-26T08:41:48","modified_gmt":"2024-05-26T06:41:48","slug":"home","status":"publish","type":"page","link":"https:\/\/rief-shop.com\/ar\/","title":{"rendered":"Home"},"content":{"rendered":"<div data-elementor-type=\"wp-page\" data-elementor-id=\"758\" class=\"elementor elementor-758\">\n\t\t\t\t<div class=\"elementor-element elementor-element-869bbfe e-flex e-con-boxed e-con e-parent\" data-id=\"869bbfe\" data-element_type=\"container\">\n\t\t\t\t\t<div class=\"e-con-inner\">\n\t\t<div class=\"elementor-element elementor-element-539e5b4 e-flex e-con-boxed e-con e-child\" data-id=\"539e5b4\" data-element_type=\"container\" data-settings=\"{&quot;background_background&quot;:&quot;classic&quot;}\">\n\t\t\t\t\t<div class=\"e-con-inner\">\n\t\t\t\t<div class=\"elementor-element elementor-element-58cf280 elementor-widget elementor-widget-heading\" data-id=\"58cf280\" data-element_type=\"widget\" data-widget_type=\"heading.default\">\n\t\t\t\t<div class=\"elementor-widget-container\">\n\t\t\t<h2 class=\"elementor-heading-title elementor-size-default\">\u0623\u0647\u0644\u0627 \u0628\u0643! <\/h2>\t\t<\/div>\n\t\t\t\t<\/div>\n\t\t\t\t<div class=\"elementor-element elementor-element-24bd57a elementor-widget elementor-widget-heading\" data-id=\"24bd57a\" data-element_type=\"widget\" data-widget_type=\"heading.default\">\n\t\t\t\t<div class=\"elementor-widget-container\">\n\t\t\t<h4 class=\"elementor-heading-title elementor-size-default\">\u0643\u0644 \u0645\u0627 \u062a\u062d\u062a\u0627\u062c \u0623\u0646 \u062a\u0639\u0631\u0641\u0647 \u0644\u0623\u0648\u0644 \u0637\u0644\u0628\u064a\u0629<\/h4>\t\t<\/div>\n\t\t\t\t<\/div>\n\t\t\t\t<div class=\"elementor-element elementor-element-c5cad7d elementor-view-default elementor-widget elementor-widget-icon\" data-id=\"c5cad7d\" data-element_type=\"widget\" data-widget_type=\"icon.default\">\n\t\t\t\t<div class=\"elementor-widget-container\">\n\t\t\t\t\t<div class=\"elementor-icon-wrapper\">\n\t\t\t<div class=\"elementor-icon\">\n\t\t\t<svg aria-hidden=\"true\" class=\"e-font-icon-svg e-fas-shopping-cart\" viewbox=\"0 0 576 512\" xmlns=\"http:\/\/www.w3.org\/2000\/svg\"><path d=\"M528.12 301.319l47.273-208C578.806 78.301 567.391 64 551.99 64H159.208l-9.166-44.81C147.758 8.021 137.93 0 126.529 0H24C10.745 0 0 10.745 0 24v16c0 13.255 10.745 24 24 24h69.883l70.248 343.435C147.325 417.1 136 435.222 136 456c0 30.928 25.072 56 56 56s56-25.072 56-56c0-15.674-6.447-29.835-16.824-40h209.647C430.447 426.165 424 440.326 424 456c0 30.928 25.072 56 56 56s56-25.072 56-56c0-22.172-12.888-41.332-31.579-50.405l5.517-24.276c3.413-15.018-8.002-29.319-23.403-29.319H218.117l-6.545-32h293.145c11.206 0 20.92-7.754 23.403-18.681z\"><\/path><\/svg>\t\t\t<\/div>\n\t\t<\/div>\n\t\t\t\t<\/div>\n\t\t\t\t<\/div>\n\t\t\t\t<div class=\"elementor-element elementor-element-ea04240 elementor-icon-list--layout-traditional elementor-list-item-link-full_width elementor-widget elementor-widget-icon-list\" data-id=\"ea04240\" data-element_type=\"widget\" data-widget_type=\"icon-list.default\">\n\t\t\t\t<div class=\"elementor-widget-container\">\n\t\t\t\t\t<ul class=\"elementor-icon-list-items\">\n\t\t\t\t\t\t\t<li class=\"elementor-icon-list-item\">\n\t\t\t\t\t\t\t\t\t\t\t<span class=\"elementor-icon-list-icon\">\n\t\t\t\t\t\t\t<svg aria-hidden=\"true\" class=\"e-font-icon-svg e-fas-check\" viewbox=\"0 0 512 512\" xmlns=\"http:\/\/www.w3.org\/2000\/svg\"><path d=\"M173.898 439.404l-166.4-166.4c-9.997-9.997-9.997-26.206 0-36.204l36.203-36.204c9.997-9.998 26.207-9.998 36.204 0L192 312.69 432.095 72.596c9.997-9.997 26.207-9.997 36.204 0l36.203 36.204c9.997 9.997 9.997 26.206 0 36.204l-294.4 294.401c-9.998 9.997-26.207 9.997-36.204-.001z\"><\/path><\/svg>\t\t\t\t\t\t<\/span>\n\t\t\t\t\t\t\t\t\t\t<span class=\"elementor-icon-list-text\">\u0625\u0628\u062a\u062f\u0627\u0621\u064b \u0645\u0646 59.99 \u064a\u0648\u0631\u0648\u060c \u0646\u0642\u0648\u0645 \u062f\u0627\u0626\u0645\u064b\u0627 \u0628\u0627\u0644\u062a\u0648\u0635\u064a\u0644 \u0645\u062c\u0627\u0646\u064b\u0627!<\/span>\n\t\t\t\t\t\t\t\t\t<\/li>\n\t\t\t\t\t\t\t\t<li class=\"elementor-icon-list-item\">\n\t\t\t\t\t\t\t\t\t\t\t<span class=\"elementor-icon-list-icon\">\n\t\t\t\t\t\t\t<svg aria-hidden=\"true\" class=\"e-font-icon-svg e-far-newspaper\" viewbox=\"0 0 576 512\" xmlns=\"http:\/\/www.w3.org\/2000\/svg\"><path d=\"M552 64H112c-20.858 0-38.643 13.377-45.248 32H24c-13.255 0-24 10.745-24 24v272c0 30.928 25.072 56 56 56h496c13.255 0 24-10.745 24-24V88c0-13.255-10.745-24-24-24zM48 392V144h16v248c0 4.411-3.589 8-8 8s-8-3.589-8-8zm480 8H111.422c.374-2.614.578-5.283.578-8V112h416v288zM172 280h136c6.627 0 12-5.373 12-12v-96c0-6.627-5.373-12-12-12H172c-6.627 0-12 5.373-12 12v96c0 6.627 5.373 12 12 12zm28-80h80v40h-80v-40zm-40 140v-24c0-6.627 5.373-12 12-12h136c6.627 0 12 5.373 12 12v24c0 6.627-5.373 12-12 12H172c-6.627 0-12-5.373-12-12zm192 0v-24c0-6.627 5.373-12 12-12h104c6.627 0 12 5.373 12 12v24c0 6.627-5.373 12-12 12H364c-6.627 0-12-5.373-12-12zm0-144v-24c0-6.627 5.373-12 12-12h104c6.627 0 12 5.373 12 12v24c0 6.627-5.373 12-12 12H364c-6.627 0-12-5.373-12-12zm0 72v-24c0-6.627 5.373-12 12-12h104c6.627 0 12 5.373 12 12v24c0 6.627-5.373 12-12 12H364c-6.627 0-12-5.373-12-12z\"><\/path><\/svg>\t\t\t\t\t\t<\/span>\n\t\t\t\t\t\t\t\t\t\t<span class=\"elementor-icon-list-text\">\u0625\u0634\u062a\u0631\u0643 \u0628\u0627\u0644\u0631\u0633\u0627\u0626\u0644 \u0627\u0644\u0625\u0644\u0643\u062a\u0631\u0648\u0646\u064a\u0629 \u062d\u062a\u0649 \u0644\u0627 \u062a\u0641\u0648\u062a\u0643 \u0623\u064a \u0645\u0646\u062a\u062c\u0627\u062a \u0623\u0648 \u0639\u0631\u0648\u0636 \u062c\u062f\u064a\u062f\u0629!<\/span>\n\t\t\t\t\t\t\t\t\t<\/li>\n\t\t\t\t\t\t\t\t<li class=\"elementor-icon-list-item\">\n\t\t\t\t\t\t\t\t\t\t\t<span class=\"elementor-icon-list-icon\">\n\t\t\t\t\t\t\t<svg aria-hidden=\"true\" class=\"e-font-icon-svg e-fas-calendar-alt\" viewbox=\"0 0 448 512\" xmlns=\"http:\/\/www.w3.org\/2000\/svg\"><path d=\"M0 464c0 26.5 21.5 48 48 48h352c26.5 0 48-21.5 48-48V192H0v272zm320-196c0-6.6 5.4-12 12-12h40c6.6 0 12 5.4 12 12v40c0 6.6-5.4 12-12 12h-40c-6.6 0-12-5.4-12-12v-40zm0 128c0-6.6 5.4-12 12-12h40c6.6 0 12 5.4 12 12v40c0 6.6-5.4 12-12 12h-40c-6.6 0-12-5.4-12-12v-40zM192 268c0-6.6 5.4-12 12-12h40c6.6 0 12 5.4 12 12v40c0 6.6-5.4 12-12 12h-40c-6.6 0-12-5.4-12-12v-40zm0 128c0-6.6 5.4-12 12-12h40c6.6 0 12 5.4 12 12v40c0 6.6-5.4 12-12 12h-40c-6.6 0-12-5.4-12-12v-40zM64 268c0-6.6 5.4-12 12-12h40c6.6 0 12 5.4 12 12v40c0 6.6-5.4 12-12 12H76c-6.6 0-12-5.4-12-12v-40zm0 128c0-6.6 5.4-12 12-12h40c6.6 0 12 5.4 12 12v40c0 6.6-5.4 12-12 12H76c-6.6 0-12-5.4-12-12v-40zM400 64h-48V16c0-8.8-7.2-16-16-16h-32c-8.8 0-16 7.2-16 16v48H160V16c0-8.8-7.2-16-16-16h-32c-8.8 0-16 7.2-16 16v48H48C21.5 64 0 85.5 0 112v48h448v-48c0-26.5-21.5-48-48-48z\"><\/path><\/svg>\t\t\t\t\t\t<\/span>\n\t\t\t\t\t\t\t\t\t\t<span class=\"elementor-icon-list-text\">\u062e\u062f\u0645\u0629 \u062a\u062d\u062f\u064a\u062f \u062a\u0627\u0631\u064a\u062e \u0627\u0644\u062a\u0648\u0635\u064a\u0644!<\/span>\n\t\t\t\t\t\t\t\t\t<\/li>\n\t\t\t\t\t\t<\/ul>\n\t\t\t\t<\/div>\n\t\t\t\t<\/div>\n\t\t\t\t\t<\/div>\n\t\t\t\t<\/div>\n\t\t<div class=\"elementor-element elementor-element-9498953 e-flex e-con-boxed e-con e-child\" data-id=\"9498953\" data-element_type=\"container\" data-settings=\"{&quot;background_background&quot;:&quot;classic&quot;}\">\n\t\t\t\t\t<div class=\"e-con-inner\">\n\t\t\t\t<div class=\"elementor-element elementor-element-6a36c9d elementor-widget elementor-widget-heading\" data-id=\"6a36c9d\" data-element_type=\"widget\" data-widget_type=\"heading.default\">\n\t\t\t\t<div class=\"elementor-widget-container\">\n\t\t\t<h2 class=\"elementor-heading-title elementor-size-default\"><a href=\"https:\/\/rief-shop.com\/ar\/product-category\/buendel-angebote\/\">\u0639\u0631\u0648\u0636 \u0627\u0644\u062c\u0645\u0644\u0629!<\/a><\/h2>\t\t<\/div>\n\t\t\t\t<\/div>\n\t\t\t\t<div class=\"elementor-element elementor-element-acb40b5 elementor-view-default elementor-widget elementor-widget-icon\" data-id=\"acb40b5\" data-element_type=\"widget\" data-widget_type=\"icon.default\">\n\t\t\t\t<div class=\"elementor-widget-container\">\n\t\t\t\t\t<div class=\"elementor-icon-wrapper\">\n\t\t\t<a class=\"elementor-icon\" href=\"https:\/\/rief-shop.com\/ar\/product-category\/buendel-angebote\/\">\n\t\t\t<svg aria-hidden=\"true\" class=\"e-font-icon-svg e-fas-percent\" viewbox=\"0 0 448 512\" xmlns=\"http:\/\/www.w3.org\/2000\/svg\"><path d=\"M112 224c61.9 0 112-50.1 112-112S173.9 0 112 0 0 50.1 0 112s50.1 112 112 112zm0-160c26.5 0 48 21.5 48 48s-21.5 48-48 48-48-21.5-48-48 21.5-48 48-48zm224 224c-61.9 0-112 50.1-112 112s50.1 112 112 112 112-50.1 112-112-50.1-112-112-112zm0 160c-26.5 0-48-21.5-48-48s21.5-48 48-48 48 21.5 48 48-21.5 48-48 48zM392.3.2l31.6-.1c19.4-.1 30.9 21.8 19.7 37.8L77.4 501.6a23.95 23.95 0 0 1-19.6 10.2l-33.4.1c-19.5 0-30.9-21.9-19.7-37.8l368-463.7C377.2 4 384.5.2 392.3.2z\"><\/path><\/svg>\t\t\t<\/a>\n\t\t<\/div>\n\t\t\t\t<\/div>\n\t\t\t\t<\/div>\n\t\t\t\t\t<\/div>\n\t\t\t\t<\/div>\n\t\t\t\t\t<\/div>\n\t\t\t\t<\/div>\n\t\t<div class=\"elementor-element elementor-element-91882fd e-flex e-con-boxed e-con e-parent\" data-id=\"91882fd\" data-element_type=\"container\">\n\t\t\t\t\t<div class=\"e-con-inner\">\n\t\t<a class=\"elementor-element elementor-element-9aa37a3 e-con-full e-flex e-con e-child\" data-id=\"9aa37a3\" data-element_type=\"container\" data-settings=\"{&quot;background_background&quot;:&quot;classic&quot;}\" href=\"https:\/\/rief-shop.com\/ar\/product-category\/datteln-tahine-snacks\/gebaeck-suesses\/\">\n\t\t\t\t<div class=\"elementor-element elementor-element-6ab4021 elementor-widget__width-auto elementor-widget elementor-widget-heading\" data-id=\"6ab4021\" data-element_type=\"widget\" data-widget_type=\"heading.default\">\n\t\t\t\t<div class=\"elementor-widget-container\">\n\t\t\t<h5 class=\"elementor-heading-title elementor-size-default\">\u062d\u0644\u0648\u064a\u0627\u062a \u0648 \u0628\u0633\u0643\u0648\u064a\u062a\u0627\u062a<\/h5>\t\t<\/div>\n\t\t\t\t<\/div>\n\t\t\t\t<\/a>\n\t\t<a class=\"elementor-element elementor-element-528c5b6 e-con-full e-flex e-con e-child\" data-id=\"528c5b6\" data-element_type=\"container\" data-settings=\"{&quot;background_background&quot;:&quot;classic&quot;}\" href=\"https:\/\/rief-shop.com\/ar\/product-category\/konserven-eingelegtes\/konserven\/\">\n\t\t\t\t<div class=\"elementor-element elementor-element-3a83cc1 elementor-widget__width-auto elementor-widget elementor-widget-heading\" data-id=\"3a83cc1\" data-element_type=\"widget\" data-widget_type=\"heading.default\">\n\t\t\t\t<div class=\"elementor-widget-container\">\n\t\t\t<h5 class=\"elementor-heading-title elementor-size-default\">\u0627\u0644\u0645\u0639\u0644\u0628\u0627\u062a<\/h5>\t\t<\/div>\n\t\t\t\t<\/div>\n\t\t\t\t<\/a>\n\t\t<a class=\"elementor-element elementor-element-8eaa8ba e-con-full e-flex e-con e-child\" data-id=\"8eaa8ba\" data-element_type=\"container\" data-settings=\"{&quot;background_background&quot;:&quot;classic&quot;}\" href=\"https:\/\/rief-shop.com\/ar\/product-category\/reis-nudeln-getreide\/reis\/\">\n\t\t\t\t<div class=\"elementor-element elementor-element-d645567 elementor-widget__width-auto elementor-widget elementor-widget-heading\" data-id=\"d645567\" data-element_type=\"widget\" data-widget_type=\"heading.default\">\n\t\t\t\t<div class=\"elementor-widget-container\">\n\t\t\t<h5 class=\"elementor-heading-title elementor-size-default\">\u0627\u0644\u0623\u0631\u0632<\/h5>\t\t<\/div>\n\t\t\t\t<\/div>\n\t\t\t\t<\/a>\n\t\t<a class=\"elementor-element elementor-element-4f94e51 e-con-full e-flex e-con e-child\" data-id=\"4f94e51\" data-element_type=\"container\" data-settings=\"{&quot;background_background&quot;:&quot;classic&quot;}\" href=\"https:\/\/rief-shop.com\/ar\/product-category\/gewuerze-saucen-getrocknetes\/gewuerze\/\">\n\t\t\t\t<div class=\"elementor-element elementor-element-82bd1aa elementor-widget__width-auto elementor-widget elementor-widget-heading\" data-id=\"82bd1aa\" data-element_type=\"widget\" data-widget_type=\"heading.default\">\n\t\t\t\t<div class=\"elementor-widget-container\">\n\t\t\t<h5 class=\"elementor-heading-title elementor-size-default\">\u0627\u0644\u0628\u0647\u0627\u0631\u0627\u062a<\/h5>\t\t<\/div>\n\t\t\t\t<\/div>\n\t\t\t\t<\/a>\n\t\t<a class=\"elementor-element elementor-element-dee4234 e-con-full e-flex e-con e-child\" data-id=\"dee4234\" data-element_type=\"container\" data-settings=\"{&quot;background_background&quot;:&quot;classic&quot;}\" href=\"https:\/\/rief-shop.com\/ar\/product-category\/gewuerze-saucen-getrocknetes\/saucen\/\">\n\t\t\t\t<div class=\"elementor-element elementor-element-bdb3c20 elementor-widget__width-auto elementor-widget elementor-widget-heading\" data-id=\"bdb3c20\" data-element_type=\"widget\" data-widget_type=\"heading.default\">\n\t\t\t\t<div class=\"elementor-widget-container\">\n\t\t\t<h5 class=\"elementor-heading-title elementor-size-default\">\u0627\u0644\u0635\u0644\u0635\u0627\u062a<\/h5>\t\t<\/div>\n\t\t\t\t<\/div>\n\t\t\t\t<\/a>\n\t\t<a class=\"elementor-element elementor-element-41a6ad0 e-con-full e-flex e-con e-child\" data-id=\"41a6ad0\" data-element_type=\"container\" data-settings=\"{&quot;background_background&quot;:&quot;classic&quot;}\" href=\"https:\/\/rief-shop.com\/ar\/product-category\/reis-nudeln-getreide\/nudeln\/\">\n\t\t\t\t<div class=\"elementor-element elementor-element-191d409 elementor-widget__width-auto elementor-widget elementor-widget-heading\" data-id=\"191d409\" data-element_type=\"widget\" data-widget_type=\"heading.default\">\n\t\t\t\t<div class=\"elementor-widget-container\">\n\t\t\t<h5 class=\"elementor-heading-title elementor-size-default\">\u0627\u0644\u0645\u0639\u0643\u0631\u0648\u0646\u0629 \u0648 \u0627\u0644\u0634\u0639\u0631\u064a\u0629<\/h5>\t\t<\/div>\n\t\t\t\t<\/div>\n\t\t\t\t<\/a>\n\t\t<a class=\"elementor-element elementor-element-74b10b8 e-con-full e-flex e-con e-child\" data-id=\"74b10b8\" data-element_type=\"container\" data-settings=\"{&quot;background_background&quot;:&quot;classic&quot;}\" href=\"https:\/\/rief-shop.com\/ar\/product-category\/warme-kalte-getraenke\/tee\/\">\n\t\t\t\t<div class=\"elementor-element elementor-element-2b5ba42 elementor-widget__width-auto elementor-widget elementor-widget-heading\" data-id=\"2b5ba42\" data-element_type=\"widget\" data-widget_type=\"heading.default\">\n\t\t\t\t<div class=\"elementor-widget-container\">\n\t\t\t<h5 class=\"elementor-heading-title elementor-size-default\">Tee &amp; Mate<\/h5>\t\t<\/div>\n\t\t\t\t<\/div>\n\t\t\t\t<\/a>\n\t\t<a class=\"elementor-element elementor-element-ef7e48a e-con-full e-flex e-con e-child\" data-id=\"ef7e48a\" data-element_type=\"container\" data-settings=\"{&quot;background_background&quot;:&quot;classic&quot;}\" href=\"https:\/\/rief-shop.com\/ar\/product-category\/warme-kalte-getraenke\/kaffee\/\">\n\t\t\t\t<div class=\"elementor-element elementor-element-b0da779 elementor-widget__width-auto elementor-widget elementor-widget-heading\" data-id=\"b0da779\" data-element_type=\"widget\" data-widget_type=\"heading.default\">\n\t\t\t\t<div class=\"elementor-widget-container\">\n\t\t\t<h5 class=\"elementor-heading-title elementor-size-default\">\u0642\u0647\u0648\u0629<\/h5>\t\t<\/div>\n\t\t\t\t<\/div>\n\t\t\t\t<\/a>\n\t\t<a class=\"elementor-element elementor-element-71392af e-con-full e-flex e-con e-child\" data-id=\"71392af\" data-element_type=\"container\" data-settings=\"{&quot;background_background&quot;:&quot;classic&quot;}\" href=\"https:\/\/rief-shop.com\/ar\/product-category\/datteln-tahine-snacks\/tahine-halawa\/\">\n\t\t\t\t<div class=\"elementor-element elementor-element-0cab078 elementor-widget__width-auto elementor-widget elementor-widget-heading\" data-id=\"0cab078\" data-element_type=\"widget\" data-widget_type=\"heading.default\">\n\t\t\t\t<div class=\"elementor-widget-container\">\n\t\t\t<h5 class=\"elementor-heading-title elementor-size-default\">Halwa &amp; Tahina<\/h5>\t\t<\/div>\n\t\t\t\t<\/div>\n\t\t\t\t<\/a>\n\t\t<a class=\"elementor-element elementor-element-61bead0 e-con-full e-flex e-con e-child\" data-id=\"61bead0\" data-element_type=\"container\" data-settings=\"{&quot;background_background&quot;:&quot;classic&quot;}\" href=\"https:\/\/rief-shop.com\/ar\/product-category\/konserven-eingelegtes\/eingelegtes\/\">\n\t\t\t\t<div class=\"elementor-element elementor-element-ccc6bc8 elementor-widget__width-auto elementor-widget elementor-widget-heading\" data-id=\"ccc6bc8\" data-element_type=\"widget\" data-widget_type=\"heading.default\">\n\t\t\t\t<div class=\"elementor-widget-container\">\n\t\t\t<h5 class=\"elementor-heading-title elementor-size-default\">\u0627\u0644\u0645\u062e\u0644\u0644\u0627\u062a<br>\u0648 \u0627\u0644\u0632\u064a\u062a\u0648\u0646<\/h5>\t\t<\/div>\n\t\t\t\t<\/div>\n\t\t\t\t<\/a>\n\t\t<a class=\"elementor-element elementor-element-bf1bd37 e-con-full e-flex e-con e-child\" data-id=\"bf1bd37\" data-element_type=\"container\" data-settings=\"{&quot;background_background&quot;:&quot;classic&quot;}\" href=\"https:\/\/rief-shop.com\/ar\/product-category\/milchprodukte-oele\/kaese\/\">\n\t\t\t\t<div class=\"elementor-element elementor-element-4338fe6 elementor-widget__width-auto elementor-widget elementor-widget-heading\" data-id=\"4338fe6\" data-element_type=\"widget\" data-widget_type=\"heading.default\">\n\t\t\t\t<div class=\"elementor-widget-container\">\n\t\t\t<h5 class=\"elementor-heading-title elementor-size-default\">\u0627\u0644\u0623\u062c\u0628\u0627\u0646<\/h5>\t\t<\/div>\n\t\t\t\t<\/div>\n\t\t\t\t<\/a>\n\t\t<a class=\"elementor-element elementor-element-ca4e628 e-con-full e-flex e-con e-child\" data-id=\"ca4e628\" data-element_type=\"container\" data-settings=\"{&quot;background_background&quot;:&quot;classic&quot;}\" href=\"https:\/\/rief-shop.com\/ar\/product-category\/gewuerze-saucen-getrocknetes\/molokhia-thymian\/\">\n\t\t\t\t<div class=\"elementor-element elementor-element-d81c05b elementor-widget__width-auto elementor-widget elementor-widget-heading\" data-id=\"d81c05b\" data-element_type=\"widget\" data-widget_type=\"heading.default\">\n\t\t\t\t<div class=\"elementor-widget-container\">\n\t\t\t<h5 class=\"elementor-heading-title elementor-size-default\">Mulukhiya <br>\u0645\u0644\u0648\u062e\u064a\u0629 \u0648 \u0632\u0639\u062a\u0631<\/h5>\t\t<\/div>\n\t\t\t\t<\/div>\n\t\t\t\t<\/a>\n\t\t<a class=\"elementor-element elementor-element-cd04e8d e-con-full e-flex e-con e-child\" data-id=\"cd04e8d\" data-element_type=\"container\" data-settings=\"{&quot;background_background&quot;:&quot;classic&quot;}\" href=\"https:\/\/rief-shop.com\/ar\/product-category\/milchprodukte-oele\/butter-ghee\/\">\n\t\t\t\t<div class=\"elementor-element elementor-element-ce7d662 elementor-widget__width-auto elementor-widget elementor-widget-heading\" data-id=\"ce7d662\" data-element_type=\"widget\" data-widget_type=\"heading.default\">\n\t\t\t\t<div class=\"elementor-widget-container\">\n\t\t\t<h5 class=\"elementor-heading-title elementor-size-default\">\u0627\u0644\u0633\u0645\u0646<\/h5>\t\t<\/div>\n\t\t\t\t<\/div>\n\t\t\t\t<\/a>\n\t\t<a class=\"elementor-element elementor-element-5936e6a e-con-full e-flex e-con e-child\" data-id=\"5936e6a\" data-element_type=\"container\" data-settings=\"{&quot;background_background&quot;:&quot;classic&quot;}\" href=\"https:\/\/rief-shop.com\/ar\/product-category\/reis-nudeln-getreide\/getreide-huelsenfruechte\/\">\n\t\t\t\t<div class=\"elementor-element elementor-element-573c2b4 elementor-widget__width-auto elementor-widget elementor-widget-heading\" data-id=\"573c2b4\" data-element_type=\"widget\" data-widget_type=\"heading.default\">\n\t\t\t\t<div class=\"elementor-widget-container\">\n\t\t\t<h5 class=\"elementor-heading-title elementor-size-default\">\u0627\u0644\u0628\u0642\u0648\u0644\u064a\u0627\u062a \u0648<br>\u0627\u0644\u062d\u0628\u0648\u0628<\/h5>\t\t<\/div>\n\t\t\t\t<\/div>\n\t\t\t\t<\/a>\n\t\t<a class=\"elementor-element elementor-element-67842ef e-con-full e-flex e-con e-child\" data-id=\"67842ef\" data-element_type=\"container\" data-settings=\"{&quot;background_background&quot;:&quot;classic&quot;}\" href=\"https:\/\/rief-shop.com\/ar\/product-category\/gewuerze-saucen-getrocknetes\/aromen-sirupe\/\">\n\t\t\t\t<div class=\"elementor-element elementor-element-bc89bd2 elementor-widget__width-auto elementor-widget elementor-widget-heading\" data-id=\"bc89bd2\" data-element_type=\"widget\" data-widget_type=\"heading.default\">\n\t\t\t\t<div class=\"elementor-widget-container\">\n\t\t\t<h5 class=\"elementor-heading-title elementor-size-default\">\u0627\u0644\u0645\u0646\u0643\u0647\u0627\u062a <br>\u0648 \u0627\u0644\u062f\u0628\u0633<\/h5>\t\t<\/div>\n\t\t\t\t<\/div>\n\t\t\t\t<\/a>\n\t\t<a class=\"elementor-element elementor-element-bbbe69c e-con-full e-flex e-con e-child\" data-id=\"bbbe69c\" data-element_type=\"container\" data-settings=\"{&quot;background_background&quot;:&quot;classic&quot;}\" href=\"https:\/\/rief-shop.com\/ar\/product-category\/datteln-tahine-snacks\/datteln\/\">\n\t\t\t\t<div class=\"elementor-element elementor-element-caee682 elementor-widget__width-auto elementor-widget elementor-widget-heading\" data-id=\"caee682\" data-element_type=\"widget\" data-widget_type=\"heading.default\">\n\t\t\t\t<div class=\"elementor-widget-container\">\n\t\t\t<h5 class=\"elementor-heading-title elementor-size-default\">\u0627\u0644\u062a\u0645\u0648\u0631<\/h5>\t\t<\/div>\n\t\t\t\t<\/div>\n\t\t\t\t<\/a>\n\t\t<a class=\"elementor-element elementor-element-ae51207 e-con-full e-flex e-con e-child\" data-id=\"ae51207\" data-element_type=\"container\" data-settings=\"{&quot;background_background&quot;:&quot;classic&quot;}\" href=\"https:\/\/rief-shop.com\/ar\/product-category\/datteln-tahine-snacks\/salziges-snacks\/\">\n\t\t\t\t<div class=\"elementor-element elementor-element-7377990 elementor-widget__width-auto elementor-widget elementor-widget-heading\" data-id=\"7377990\" data-element_type=\"widget\" data-widget_type=\"heading.default\">\n\t\t\t\t<div class=\"elementor-widget-container\">\n\t\t\t<h5 class=\"elementor-heading-title elementor-size-default\">\u0645\u0648\u0627\u0644\u062d \u0648 \u062a\u0633\u0627\u0644\u064a<\/h5>\t\t<\/div>\n\t\t\t\t<\/div>\n\t\t\t\t<\/a>\n\t\t<a class=\"elementor-element elementor-element-f72a940 e-con-full e-flex e-con e-child\" data-id=\"f72a940\" data-element_type=\"container\" data-settings=\"{&quot;background_background&quot;:&quot;classic&quot;}\" href=\"https:\/\/rief-shop.com\/ar\/product-category\/konserven-eingelegtes\/thunfisch-sardinien\/\">\n\t\t\t\t<div class=\"elementor-element elementor-element-257b06a elementor-widget__width-auto elementor-widget elementor-widget-heading\" data-id=\"257b06a\" data-element_type=\"widget\" data-widget_type=\"heading.default\">\n\t\t\t\t<div class=\"elementor-widget-container\">\n\t\t\t<h5 class=\"elementor-heading-title elementor-size-default\">\u0627\u0644\u062a\u0648\u0646\u0627 \u0648\u0627\u0644\u0633\u0631\u062f\u064a\u0646<\/h5>\t\t<\/div>\n\t\t\t\t<\/div>\n\t\t\t\t<\/a>\n\t\t\t\t\t<\/div>\n\t\t\t\t<\/div>\n\t\t<div class=\"elementor-element elementor-element-dd5dd33 e-flex e-con-boxed e-con e-parent\" data-id=\"dd5dd33\" data-element_type=\"container\">\n\t\t\t\t\t<div class=\"e-con-inner\">\n\t\t\t\t<div class=\"elementor-element elementor-element-f66bb21 elementor-widget elementor-widget-html\" data-id=\"f66bb21\" data-element_type=\"widget\" data-widget_type=\"html.default\">\n\t\t\t\t<div class=\"elementor-widget-container\">\n\t\t\t<script async data-uid=\"110c1c8ecc\" src=\"https:\/\/rief-shop.ck.page\/110c1c8ecc\/index.js\"><\/script>\t\t<\/div>\n\t\t\t\t<\/div>\n\t\t\t\t\t<\/div>\n\t\t\t\t<\/div>\n\t\t\t\t<\/div>","protected":false},"excerpt":{"rendered":"<p>Wilkommen! Alles was du wissen musst f\u00fcr deine erste Bestellung ab 59,99 \u20ac liefern wir immer gratis! Abonniere den Newsletter um keine Angebote mehr zu verpassen! Lieferung zum Wunschtermin! B\u00fcndel Angebote! Geb\u00e4ck &amp; S\u00fc\u00dfigkeiten Konserven Reis Gew\u00fcrze Saucen Nudeln Tee &#038; Mate Kaffee Halwa &#038; Tahina Eingelegtes&amp; Oliven K\u00e4se Mulukhiya &amp; Thymian Ghee Getreide &amp;H\u00fclsenfr\u00fcchte [&hellip;]<\/p>","protected":false},"author":1,"featured_media":0,"parent":0,"menu_order":0,"comment_status":"closed","ping_status":"closed","template":"elementor_header_footer","meta":{"footnotes":""},"class_list":["post-758","page","type-page","status-publish","hentry"],"blocksy_meta":[],"_links":{"self":[{"href":"https:\/\/rief-shop.com\/ar\/wp-json\/wp\/v2\/pages\/758"}],"collection":[{"href":"https:\/\/rief-shop.com\/ar\/wp-json\/wp\/v2\/pages"}],"about":[{"href":"https:\/\/rief-shop.com\/ar\/wp-json\/wp\/v2\/types\/page"}],"author":[{"embeddable":true,"href":"https:\/\/rief-shop.com\/ar\/wp-json\/wp\/v2\/users\/1"}],"replies":[{"embeddable":true,"href":"https:\/\/rief-shop.com\/ar\/wp-json\/wp\/v2\/comments?post=758"}],"version-history":[{"count":328,"href":"https:\/\/rief-shop.com\/ar\/wp-json\/wp\/v2\/pages\/758\/revisions"}],"predecessor-version":[{"id":1367,"href":"https:\/\/rief-shop.com\/ar\/wp-json\/wp\/v2\/pages\/758\/revisions\/1367"}],"wp:attachment":[{"href":"https:\/\/rief-shop.com\/ar\/wp-json\/wp\/v2\/media?parent=758"}],"curies":[{"name":"wp","href":"https:\/\/api.w.org\/{rel}","templated":true}]}}